{"id":83,"date":"2014-11-20T10:58:40","date_gmt":"2014-11-20T08:58:40","guid":{"rendered":"https:\/\/chlaus.grill-phil.ch\/?page_id=83"},"modified":"2016-11-20T12:17:50","modified_gmt":"2016-11-20T10:17:50","slug":"feedback-an-chlaus","status":"publish","type":"page","link":"https:\/\/chlaus.grill-phil.ch\/?page_id=83","title":{"rendered":"Feedback an Chlaus"},"content":{"rendered":"<p>Es w\u00fcrd mich sehr freui\u00e4, w\u00e4nn ich vo Eui en Feedback bechum\u00e4 wie Eui min Bsuech gfall\u00e4 h\u00e4t! Aaregig\u00e4 und W\u00fcnsch nimm ich g\u00e4rn im <a href=\"https:\/\/chlaus.grill-phil.ch\/?page_id=91\">G\u00e4schtebuech<\/a> oder per E-Mail (<a href=\"mailto:sami-chlaus@bluewin.ch\">sami-chlaus@bluewin.ch<\/a>) entg\u00e4g\u00e4&#8230;<\/p>\n<p>&nbsp;<\/p>\n","protected":false},"excerpt":{"rendered":"<p>Es w\u00fcrd mich sehr freui\u00e4, w\u00e4nn ich vo Eui en Feedback bechum\u00e4 wie Eui min Bsuech gfall\u00e4 h\u00e4t! Aaregig\u00e4 und W\u00fcnsch nimm ich g\u00e4rn im G\u00e4schtebuech oder per E-Mail (sami-chlaus@bluewin.ch) entg\u00e4g\u00e4&#8230; &nbsp;<\/p>\n","protected":false},"author":1,"featured_media":0,"parent":0,"menu_order":0,"comment_status":"closed","ping_status":"closed","template":"","meta":{"footnotes":""},"class_list":["post-83","page","type-page","status-publish","hentry"],"colors":{"color":"ffffff","contrast":"0,0,0","custom":false},"jetpack_sharing_enabled":true,"_links":{"self":[{"href":"https:\/\/chlaus.grill-phil.ch\/index.php?rest_route=\/wp\/v2\/pages\/83","targetHints":{"allow":["GET"]}}],"collection":[{"href":"https:\/\/chlaus.grill-phil.ch\/index.php?rest_route=\/wp\/v2\/pages"}],"about":[{"href":"https:\/\/chlaus.grill-phil.ch\/index.php?rest_route=\/wp\/v2\/types\/page"}],"author":[{"embeddable":true,"href":"https:\/\/chlaus.grill-phil.ch\/index.php?rest_route=\/wp\/v2\/users\/1"}],"replies":[{"embeddable":true,"href":"https:\/\/chlaus.grill-phil.ch\/index.php?rest_route=%2Fwp%2Fv2%2Fcomments&post=83"}],"version-history":[{"count":11,"href":"https:\/\/chlaus.grill-phil.ch\/index.php?rest_route=\/wp\/v2\/pages\/83\/revisions"}],"predecessor-version":[{"id":288,"href":"https:\/\/chlaus.grill-phil.ch\/index.php?rest_route=\/wp\/v2\/pages\/83\/revisions\/288"}],"wp:attachment":[{"href":"https:\/\/chlaus.grill-phil.ch\/index.php?rest_route=%2Fwp%2Fv2%2Fmedia&parent=83"}],"curies":[{"name":"wp","href":"https:\/\/api.w.org\/{rel}","templated":true}]}}